{"id":10168,"date":"2021-11-24T10:36:38","date_gmt":"2021-11-24T09:36:38","guid":{"rendered":"https:\/\/www.europacamp.it\/offerte\/"},"modified":"2023-03-20T18:00:23","modified_gmt":"2023-03-20T17:00:23","slug":"sonderangebote","status":"publish","type":"page","link":"https:\/\/www.europacamp.it\/de\/sonderangebote\/","title":{"rendered":"Sonderangebote"},"content":{"rendered":"\t\t<div data-elementor-type=\"wp-page\" data-elementor-id=\"10168\" class=\"elementor elementor-10168 elementor-8521\">\n\t\t\t\t\t\t\t\t\t<section class=\"elementor-section elementor-top-section elementor-element elementor-element-e566c9d elementor-section-full_width qodef-elementor-content-grid elementor-section-height-default elementor-section-height-default\" data-id=\"e566c9d\" data-element_type=\"section\">\n\t\t\t\t\t\t<div class=\"elementor-container elementor-column-gap-default\">\n\t\t\t\t\t<div class=\"elementor-column elementor-col-100 elementor-top-column elementor-element elementor-element-09f075c\" data-id=\"09f075c\" data-element_type=\"column\">\n\t\t\t<div class=\"elementor-widget-wrap elementor-element-populated\">\n\t\t\t\t\t\t\t\t<div class=\"elementor-element elementor-element-376887b elementor-widget elementor-widget-kamperen_core_section_title\" data-id=\"376887b\" data-element_type=\"widget\" data-widget_type=\"kamperen_core_section_title.default\">\n\t\t\t\t<div class=\"elementor-widget-container\">\n\t\t\t<div class=\"qodef-shortcode qodef-m  qodef-section-title qodef-alignment--center \">\n\t\t<div class=\"qodef-m-tagline-mark\" >\n\t\tCamping Europa\t<\/div>\n\t\t<h1 class=\"qodef-m-title\" >\n\t\t\t\t\tRabatte und Sonderangebote\t\t\t<\/h1>\n\t\t<p class=\"qodef-m-text\" >Nachfolgend schlagen wir unsere Sonderangebote vor, die derzeit f\u00fcr Kunden verf\u00fcgbar sind, die sich f\u00fcr eine Buchung auf unserem Campingplatz entscheiden. Wir m\u00f6chten klarstellen, dass jedes Angebot noch der endg\u00fcltigen Genehmigung durch unsere Struktur unterliegt.<\/p>\n<\/div>\n\t\t<\/div>\n\t\t\t\t<\/div>\n\t\t\t\t<div class=\"elementor-element elementor-element-93fc429 elementor-widget elementor-widget-kamperen_core_custom_font\" data-id=\"93fc429\" data-element_type=\"widget\" data-widget_type=\"kamperen_core_custom_font.default\">\n\t\t\t\t<div class=\"elementor-widget-container\">\n\t\t\t<h2 class=\"qodef-shortcode qodef-m  qodef-custom-font qodef-custom-font-988 qodef-layout--simple\" style=\"color: #484848;font-size: 18px;font-weight: 300;text-align: center\">Speziell auf Sie abgestimmte Kombinationen von Leistungen und Angeboten!<\/h2>\n\t\t<\/div>\n\t\t\t\t<\/div>\n\t\t\t\t\t<\/div>\n\t\t<\/div>\n\t\t\t\t\t\t\t<\/div>\n\t\t<\/section>\n\t\t\t\t<section class=\"elementor-section elementor-top-section elementor-element elementor-element-3862dbb elementor-section-boxed elementor-section-height-default elementor-section-height-default qodef-elementor-content-no\" data-id=\"3862dbb\" data-element_type=\"section\">\n\t\t\t\t\t\t<div class=\"elementor-container elementor-column-gap-default\">\n\t\t\t\t\t<div class=\"elementor-column elementor-col-100 elementor-top-column elementor-element elementor-element-0b89d5e\" data-id=\"0b89d5e\" data-element_type=\"column\">\n\t\t\t<div class=\"elementor-widget-wrap elementor-element-populated\">\n\t\t\t\t\t\t\t\t<section class=\"elementor-section elementor-inner-section elementor-element elementor-element-f33418d elementor-section-boxed elementor-section-height-default elementor-section-height-default qodef-elementor-content-no\" data-id=\"f33418d\" data-element_type=\"section\">\n\t\t\t\t\t\t<div class=\"elementor-container elementor-column-gap-default\">\n\t\t\t\t\t<div class=\"elementor-column elementor-col-50 elementor-inner-column elementor-element elementor-element-1c7fa3c\" data-id=\"1c7fa3c\" data-element_type=\"column\">\n\t\t\t<div class=\"elementor-widget-wrap elementor-element-populated\">\n\t\t\t\t\t\t\t\t<div class=\"elementor-element elementor-element-1d6f8a5 elementor-widget elementor-widget-text-editor\" data-id=\"1d6f8a5\" data-element_type=\"widget\" data-widget_type=\"text-editor.default\">\n\t\t\t\t<div class=\"elementor-widget-container\">\n\t\t\t<style>\/*! elementor - v3.6.6 - 08-06-2022 *\/\n.elementor-widget-text-editor.elementor-drop-cap-view-stacked .elementor-drop-cap{background-color:#818a91;color:#fff}.elementor-widget-text-editor.elementor-drop-cap-view-framed .elementor-drop-cap{color:#818a91;border:3px solid;background-color:transparent}.elementor-widget-text-editor:not(.elementor-drop-cap-view-default) .elementor-drop-cap{margin-top:8px}.elementor-widget-text-editor:not(.elementor-drop-cap-view-default) .elementor-drop-cap-letter{width:1em;height:1em}.elementor-widget-text-editor .elementor-drop-cap{float:left;text-align:center;line-height:1;font-size:50px}.elementor-widget-text-editor .elementor-drop-cap-letter{display:inline-block}<\/style>\t\t\t\t\t\t\t\t\t\t<\/div>\n\t\t\t\t<\/div>\n\t\t\t\t<div class=\"elementor-element elementor-element-8806273 elementor-widget elementor-widget-text-editor\" data-id=\"8806273\" data-element_type=\"widget\" data-widget_type=\"text-editor.default\">\n\t\t\t\t<div class=\"elementor-widget-container\">\n\t\t\t\t\t\t\t<strong> WENN SIE EINE RESERVIERUNG ANFORDERN M\u00d6CHTEN ODER EINFACH WEITERE INFORMATIONEN HABEN, KONTAKTIEREN SIE UNS \u00dcBER DAS ENTSPRECHENDE FORMULAR. <\/strong>\t\t\t\t\t\t<\/div>\n\t\t\t\t<\/div>\n\t\t\t\t\t<\/div>\n\t\t<\/div>\n\t\t\t\t<div class=\"elementor-column elementor-col-50 elementor-inner-column elementor-element elementor-element-5029497\" data-id=\"5029497\" data-element_type=\"column\">\n\t\t\t<div class=\"elementor-widget-wrap elementor-element-populated\">\n\t\t\t\t\t\t\t\t<div class=\"elementor-element elementor-element-0bdd080 elementor-widget elementor-widget-qi_addons_for_elementor_contact_form_7\" data-id=\"0bdd080\" data-element_type=\"widget\" data-widget_type=\"qi_addons_for_elementor_contact_form_7.default\">\n\t\t\t\t<div class=\"elementor-widget-container\">\n\t\t\t<div class=\"qodef-shortcode qodef-m  qodef-qi-contact-form-7 \">\n\t\n<div class=\"wpcf7 no-js\" id=\"wpcf7-f10337-o1\" lang=\"de-DE\" dir=\"ltr\">\n<div class=\"screen-reader-response\"><p role=\"status\" aria-live=\"polite\" aria-atomic=\"true\"><\/p> <ul><\/ul><\/div>\n<form action=\"\/de\/wp-json\/wp\/v2\/pages\/10168#wpcf7-f10337-o1\" method=\"post\" class=\"wpcf7-form init wpcf7-acceptance-as-validation\" aria-label=\"Kontaktformular\" novalidate=\"novalidate\" data-status=\"init\">\n<div style=\"display: none;\">\n<input type=\"hidden\" name=\"_wpcf7\" value=\"10337\" \/>\n<input type=\"hidden\" name=\"_wpcf7_version\" value=\"5.7.5.1\" \/>\n<input type=\"hidden\" name=\"_wpcf7_locale\" value=\"de_DE\" \/>\n<input type=\"hidden\" name=\"_wpcf7_unit_tag\" value=\"wpcf7-f10337-o1\" \/>\n<input type=\"hidden\" name=\"_wpcf7_container_post\" value=\"0\" \/>\n<input type=\"hidden\" name=\"_wpcf7_posted_data_hash\" value=\"\" \/>\n<input type=\"hidden\" name=\"_wpcf7_recaptcha_response\" value=\"\" \/>\n<\/div>\n<div class=\"offerteForm\">\n    <div class=\"elementor-container elementor-column-gap-default\">\n        <div class=\"elementor-column elementor-col-50 elementor-inner-column elementor-element elementor-element-1c7fa3c\" data-id=\"1c7fa3c\" data-element_type=\"column\">\n            <div class=\"elementor-widget-wrap elementor-element-populated\">\n                <div class=\"elementor-element elementor-element-1d6f8a5 elementor-widget elementor-widget-text-editor\" data-id=\"1d6f8a5\" data-element_type=\"widget\" data-widget_type=\"text-editor.default\">\n                    <div class=\"elementor-widget-container\"><span class=\"wpcf7-form-control-wrap\" data-name=\"nome\"><input size=\"40\" class=\"wpcf7-form-control wpcf7-text wpcf7-validates-as-required\" aria-required=\"true\" aria-invalid=\"false\" placeholder=\"Ihr Name*\" value=\"\" type=\"text\" name=\"nome\" \/><\/span><\/div>\n                <\/div>\n            <\/div>\n        <\/div>\n        <div class=\"elementor-column elementor-col-50 elementor-inner-column elementor-element elementor-element-1c7fa3c\" data-id=\"1c7fa3c\" data-element_type=\"column\">\n            <div class=\"elementor-widget-wrap elementor-element-populated\">\n                <div class=\"elementor-element elementor-element-1d6f8a5 elementor-widget elementor-widget-text-editor\" data-id=\"1d6f8a5\" data-element_type=\"widget\" data-widget_type=\"text-editor.default\">\n                    <div class=\"elementor-widget-container\"><span class=\"wpcf7-form-control-wrap\" data-name=\"telefono\"><input size=\"40\" class=\"wpcf7-form-control wpcf7-text wpcf7-tel wpcf7-validates-as-required wpcf7-validates-as-tel\" aria-required=\"true\" aria-invalid=\"false\" placeholder=\"Ihre Telefonnummer\" value=\"\" type=\"tel\" name=\"telefono\" \/><\/span><\/div>\n                <\/div>\n            <\/div>\n        <\/div>\n    <\/div>\n\n    <div class=\"elementor-container elementor-column-gap-default\">\n        <div class=\"elementor-column elementor-col-100 elementor-top-column elementor-element elementor-element-5e13c3a\" data-id=\"5e13c3a\" data-element_type=\"column\">\n            <div class=\"elementor-widget-wrap elementor-element-populated\">\n                <div class=\"elementor-element elementor-element-454dd1d elementor-widget elementor-widget-text-editor\" data-id=\"454dd1d\" data-element_type=\"widget\" data-widget_type=\"text-editor.default\">\n                    <div class=\"elementor-widget-container\">\n                        <span class=\"wpcf7-form-control-wrap\" data-name=\"email\"><input size=\"40\" class=\"wpcf7-form-control wpcf7-text wpcf7-email wpcf7-validates-as-required wpcf7-validates-as-email\" aria-required=\"true\" aria-invalid=\"false\" placeholder=\"Ihre E-Mailadresse*\" value=\"\" type=\"email\" name=\"email\" \/><\/span>\n                    <\/div>\n                <\/div>\n            <\/div>\n        <\/div>\n    <\/div>\n    <div class=\"elementor-container elementor-column-gap-default\">\n        <div class=\"elementor-column elementor-col-100 elementor-top-column elementor-element elementor-element-5e13c3a\" data-id=\"5e13c3a\" data-element_type=\"column\">\n            <div class=\"elementor-widget-wrap elementor-element-populated\">\n                <div class=\"elementor-element elementor-element-454dd1d elementor-widget elementor-widget-text-editor\" data-id=\"454dd1d\" data-element_type=\"widget\" data-widget_type=\"text-editor.default\">\n                    <div class=\"elementor-widget-container\">\n                        <span class=\"wpcf7-form-control-wrap\" data-name=\"messaggio\"><textarea cols=\"10\" rows=\"6\" class=\"wpcf7-form-control wpcf7-textarea wpcf7-validates-as-required\" aria-required=\"true\" aria-invalid=\"false\" placeholder=\"Ihre Anmerkungen*\" name=\"messaggio\"><\/textarea><\/span>\n                    <\/div>\n                <\/div>\n            <\/div>\n        <\/div>\n    <\/div>\n    <div class=\"elementor-container elementor-column-gap-default\">\n        <div class=\"elementor-column elementor-col-100 elementor-top-column elementor-element elementor-element-5e13c3a\" data-id=\"5e13c3a\" data-element_type=\"column\">\n            <div class=\"elementor-widget-wrap elementor-element-populated\">\n                <div class=\"elementor-element elementor-element-454dd1d elementor-widget elementor-widget-text-editor\" data-id=\"454dd1d\" data-element_type=\"widget\" data-widget_type=\"text-editor.default\">\n                    <div class=\"elementor-widget-container\">\n                        <span class=\"wpcf7-form-control-wrap\" data-name=\"privacy\"><span class=\"wpcf7-form-control wpcf7-acceptance\"><span class=\"wpcf7-list-item\"><label><input type=\"checkbox\" name=\"privacy\" value=\"1\" aria-invalid=\"false\" \/><span class=\"wpcf7-list-item-label\">Ich berechtige <a href=\"#\">information zum Datenschutz<\/a><\/span><\/label><\/span><\/span><\/span>\n                        <button class=\"wpcf7-form-control wpcf7-submit qodef-shortcode qodef-m  qodef-button qodef-layout--textual  qodef-html--link\" type=\"submit\"><span class=\"qodef-m-text\">Anfrage senden<\/span><span class=\"qodef-m-icon\"><svg xmlns=\"http:\/\/www.w3.org\/2000\/svg\" width=\"20.053\" height=\"10.039\" viewBox=\"0 0 20.053 10.039\"><path d=\"M17.474,11.444a.683.683,0,0,0-.005.962l3.179,3.184H3.549a.68.68,0,0,0,0,1.359H20.643l-3.179,3.184a.688.688,0,0,0,.005.962.677.677,0,0,0,.957-.005l4.308-4.34h0a.763.763,0,0,0,.141-.214.649.649,0,0,0,.052-.261.681.681,0,0,0-.193-.476l-4.308-4.34A.666.666,0,0,0,17.474,11.444Z\" transform=\"translate(-2.875 -11.252)\"><\/path><\/svg><\/span><\/button>\n                    <\/div>\n                <\/div>\n            <\/div>\n        <\/div>\n    <\/div>\n<\/div><div class=\"wpcf7-response-output\" aria-hidden=\"true\"><\/div>\n<\/form>\n<\/div>\n<\/div>\n\t\t<\/div>\n\t\t\t\t<\/div>\n\t\t\t\t\t<\/div>\n\t\t<\/div>\n\t\t\t\t\t\t\t<\/div>\n\t\t<\/section>\n\t\t\t\t\t<\/div>\n\t\t<\/div>\n\t\t\t\t\t\t\t<\/div>\n\t\t<\/section>\n\t\t\t\t\t\t\t<\/div>\n\t\t","protected":false},"excerpt":{"rendered":"<p>Camping Europa Rabatte und Sonderangebote Nachfolgend schlagen wir unsere Sonderangebote vor, die derzeit f\u00fcr Kunden verf\u00fcgbar sind, die sich f\u00fcr eine Buchung auf unserem Campingplatz entscheiden. Wir m\u00f6chten klarstellen, dass jedes Angebot noch der endg\u00fcltigen Genehmigung durch unsere Struktur unterliegt. Speziell auf Sie abgestimmte Kombinationen von Leistungen und Angeboten! WENN SIE EINE RESERVIERUNG ANFORDERN M\u00d6CHTEN [&hellip;]<\/p>\n","protected":false},"author":1,"featured_media":0,"parent":0,"menu_order":0,"comment_status":"closed","ping_status":"closed","template":"page-full-width.php","meta":{"footnotes":""},"class_list":["post-10168","page","type-page","status-publish","hentry"],"yoast_head":"<!-- This site is optimized with the Yoast SEO plugin v26.8 - https:\/\/yoast.com\/product\/yoast-seo-wordpress\/ -->\n<title>Sonderangebote &#8211; Camping Europa<\/title>\n<meta name=\"description\" content=\"Camping Europa Rabatte und Sonderangebote Nachfolgend schlagen wir unsere Sonderangebote vor, die derzeit f\u00fcr Kunden verf\u00fcgbar sind, die sich f\u00fcr eine\" \/>\n<meta name=\"robots\" content=\"index, follow, max-snippet:-1, max-image-preview:large, max-video-preview:-1\" \/>\n<link rel=\"canonical\" href=\"https:\/\/www.europacamp.it\/offerte\/\" \/>\n<meta property=\"og:locale\" content=\"de_DE\" \/>\n<meta property=\"og:type\" content=\"article\" \/>\n<meta property=\"og:title\" content=\"Sonderangebote &#8211; Camping Europa\" \/>\n<meta property=\"og:description\" content=\"Camping Europa Rabatte und Sonderangebote Nachfolgend schlagen wir unsere Sonderangebote vor, die derzeit f\u00fcr Kunden verf\u00fcgbar sind, die sich f\u00fcr eine\" \/>\n<meta property=\"og:url\" content=\"https:\/\/www.europacamp.it\/offerte\/\" \/>\n<meta property=\"og:site_name\" content=\"Camping Europa\" \/>\n<meta property=\"article:publisher\" content=\"https:\/\/www.facebook.com\/europacamp\/\" \/>\n<meta property=\"article:modified_time\" content=\"2023-03-20T17:00:23+00:00\" \/>\n<meta property=\"og:image\" content=\"https:\/\/www.europacamp.it\/wp-content\/uploads\/2022\/03\/fb-og.jpg\" \/>\n\t<meta property=\"og:image:width\" content=\"1200\" \/>\n\t<meta property=\"og:image:height\" content=\"630\" \/>\n\t<meta property=\"og:image:type\" content=\"image\/jpeg\" \/>\n<meta name=\"twitter:card\" content=\"summary_large_image\" \/>\n<meta name=\"twitter:label1\" content=\"Gesch\u00e4tzte Lesezeit\" \/>\n\t<meta name=\"twitter:data1\" content=\"1\u00a0Minute\" \/>\n<script type=\"application\/ld+json\" class=\"yoast-schema-graph\">{\"@context\":\"https:\/\/schema.org\",\"@graph\":[{\"@type\":\"WebPage\",\"@id\":\"https:\/\/www.europacamp.it\/offerte\/\",\"url\":\"https:\/\/www.europacamp.it\/offerte\/\",\"name\":\"Sonderangebote &#8211; Camping Europa\",\"isPartOf\":{\"@id\":\"https:\/\/www.europacamp.it\/#website\"},\"datePublished\":\"2021-11-24T09:36:38+00:00\",\"dateModified\":\"2023-03-20T17:00:23+00:00\",\"description\":\"Camping Europa Rabatte und Sonderangebote Nachfolgend schlagen wir unsere Sonderangebote vor, die derzeit f\u00fcr Kunden verf\u00fcgbar sind, die sich f\u00fcr eine\",\"breadcrumb\":{\"@id\":\"https:\/\/www.europacamp.it\/offerte\/#breadcrumb\"},\"inLanguage\":\"de\",\"potentialAction\":[{\"@type\":\"ReadAction\",\"target\":[\"https:\/\/www.europacamp.it\/offerte\/\"]}]},{\"@type\":\"BreadcrumbList\",\"@id\":\"https:\/\/www.europacamp.it\/offerte\/#breadcrumb\",\"itemListElement\":[{\"@type\":\"ListItem\",\"position\":1,\"name\":\"Home\",\"item\":\"https:\/\/www.europacamp.it\/fr\/\"},{\"@type\":\"ListItem\",\"position\":2,\"name\":\"Sonderangebote\"}]},{\"@type\":\"WebSite\",\"@id\":\"https:\/\/www.europacamp.it\/#website\",\"url\":\"https:\/\/www.europacamp.it\/\",\"name\":\"Camping Europa\",\"description\":\"Campingplatz am Meer in der Toskana, Italien\",\"publisher\":{\"@id\":\"https:\/\/www.europacamp.it\/#organization\"},\"potentialAction\":[{\"@type\":\"SearchAction\",\"target\":{\"@type\":\"EntryPoint\",\"urlTemplate\":\"https:\/\/www.europacamp.it\/?s={search_term_string}\"},\"query-input\":{\"@type\":\"PropertyValueSpecification\",\"valueRequired\":true,\"valueName\":\"search_term_string\"}}],\"inLanguage\":\"de\"},{\"@type\":\"Organization\",\"@id\":\"https:\/\/www.europacamp.it\/#organization\",\"name\":\"Camping Europa\",\"url\":\"https:\/\/www.europacamp.it\/\",\"logo\":{\"@type\":\"ImageObject\",\"inLanguage\":\"de\",\"@id\":\"https:\/\/www.europacamp.it\/#\/schema\/logo\/image\/\",\"url\":\"https:\/\/www.europacamp.it\/wp-content\/uploads\/2021\/11\/logo_camping.png\",\"contentUrl\":\"https:\/\/www.europacamp.it\/wp-content\/uploads\/2021\/11\/logo_camping.png\",\"width\":345,\"height\":80,\"caption\":\"Camping Europa\"},\"image\":{\"@id\":\"https:\/\/www.europacamp.it\/#\/schema\/logo\/image\/\"},\"sameAs\":[\"https:\/\/www.facebook.com\/europacamp\/\"]}]}<\/script>\n<!-- \/ Yoast SEO plugin. -->","yoast_head_json":{"title":"Sonderangebote &#8211; Camping Europa","description":"Camping Europa Rabatte und Sonderangebote Nachfolgend schlagen wir unsere Sonderangebote vor, die derzeit f\u00fcr Kunden verf\u00fcgbar sind, die sich f\u00fcr eine","robots":{"index":"index","follow":"follow","max-snippet":"max-snippet:-1","max-image-preview":"max-image-preview:large","max-video-preview":"max-video-preview:-1"},"canonical":"https:\/\/www.europacamp.it\/offerte\/","og_locale":"de_DE","og_type":"article","og_title":"Sonderangebote &#8211; Camping Europa","og_description":"Camping Europa Rabatte und Sonderangebote Nachfolgend schlagen wir unsere Sonderangebote vor, die derzeit f\u00fcr Kunden verf\u00fcgbar sind, die sich f\u00fcr eine","og_url":"https:\/\/www.europacamp.it\/offerte\/","og_site_name":"Camping Europa","article_publisher":"https:\/\/www.facebook.com\/europacamp\/","article_modified_time":"2023-03-20T17:00:23+00:00","og_image":[{"width":1200,"height":630,"url":"https:\/\/www.europacamp.it\/wp-content\/uploads\/2022\/03\/fb-og.jpg","type":"image\/jpeg"}],"twitter_card":"summary_large_image","twitter_misc":{"Gesch\u00e4tzte Lesezeit":"1\u00a0Minute"},"schema":{"@context":"https:\/\/schema.org","@graph":[{"@type":"WebPage","@id":"https:\/\/www.europacamp.it\/offerte\/","url":"https:\/\/www.europacamp.it\/offerte\/","name":"Sonderangebote &#8211; Camping Europa","isPartOf":{"@id":"https:\/\/www.europacamp.it\/#website"},"datePublished":"2021-11-24T09:36:38+00:00","dateModified":"2023-03-20T17:00:23+00:00","description":"Camping Europa Rabatte und Sonderangebote Nachfolgend schlagen wir unsere Sonderangebote vor, die derzeit f\u00fcr Kunden verf\u00fcgbar sind, die sich f\u00fcr eine","breadcrumb":{"@id":"https:\/\/www.europacamp.it\/offerte\/#breadcrumb"},"inLanguage":"de","potentialAction":[{"@type":"ReadAction","target":["https:\/\/www.europacamp.it\/offerte\/"]}]},{"@type":"BreadcrumbList","@id":"https:\/\/www.europacamp.it\/offerte\/#breadcrumb","itemListElement":[{"@type":"ListItem","position":1,"name":"Home","item":"https:\/\/www.europacamp.it\/fr\/"},{"@type":"ListItem","position":2,"name":"Sonderangebote"}]},{"@type":"WebSite","@id":"https:\/\/www.europacamp.it\/#website","url":"https:\/\/www.europacamp.it\/","name":"Camping Europa","description":"Campingplatz am Meer in der Toskana, Italien","publisher":{"@id":"https:\/\/www.europacamp.it\/#organization"},"potentialAction":[{"@type":"SearchAction","target":{"@type":"EntryPoint","urlTemplate":"https:\/\/www.europacamp.it\/?s={search_term_string}"},"query-input":{"@type":"PropertyValueSpecification","valueRequired":true,"valueName":"search_term_string"}}],"inLanguage":"de"},{"@type":"Organization","@id":"https:\/\/www.europacamp.it\/#organization","name":"Camping Europa","url":"https:\/\/www.europacamp.it\/","logo":{"@type":"ImageObject","inLanguage":"de","@id":"https:\/\/www.europacamp.it\/#\/schema\/logo\/image\/","url":"https:\/\/www.europacamp.it\/wp-content\/uploads\/2021\/11\/logo_camping.png","contentUrl":"https:\/\/www.europacamp.it\/wp-content\/uploads\/2021\/11\/logo_camping.png","width":345,"height":80,"caption":"Camping Europa"},"image":{"@id":"https:\/\/www.europacamp.it\/#\/schema\/logo\/image\/"},"sameAs":["https:\/\/www.facebook.com\/europacamp\/"]}]}},"_links":{"self":[{"href":"https:\/\/www.europacamp.it\/de\/wp-json\/wp\/v2\/pages\/10168","targetHints":{"allow":["GET"]}}],"collection":[{"href":"https:\/\/www.europacamp.it\/de\/wp-json\/wp\/v2\/pages"}],"about":[{"href":"https:\/\/www.europacamp.it\/de\/wp-json\/wp\/v2\/types\/page"}],"author":[{"embeddable":true,"href":"https:\/\/www.europacamp.it\/de\/wp-json\/wp\/v2\/users\/1"}],"replies":[{"embeddable":true,"href":"https:\/\/www.europacamp.it\/de\/wp-json\/wp\/v2\/comments?post=10168"}],"version-history":[{"count":41,"href":"https:\/\/www.europacamp.it\/de\/wp-json\/wp\/v2\/pages\/10168\/revisions"}],"predecessor-version":[{"id":19135,"href":"https:\/\/www.europacamp.it\/de\/wp-json\/wp\/v2\/pages\/10168\/revisions\/19135"}],"wp:attachment":[{"href":"https:\/\/www.europacamp.it\/de\/wp-json\/wp\/v2\/media?parent=10168"}],"curies":[{"name":"wp","href":"https:\/\/api.w.org\/{rel}","templated":true}]}}