{"id":10180,"date":"2021-06-09T11:16:48","date_gmt":"2021-06-09T09:16:48","guid":{"rendered":"https:\/\/www.europacamp.it\/contatti\/"},"modified":"2022-03-23T11:59:32","modified_gmt":"2022-03-23T10:59:32","slug":"kontaktdaten","status":"publish","type":"page","link":"https:\/\/www.europacamp.it\/de\/kontaktdaten\/","title":{"rendered":"Kontaktdaten"},"content":{"rendered":"\t\t<div data-elementor-type=\"wp-page\" data-elementor-id=\"10180\" class=\"elementor elementor-10180 elementor-1302\">\n\t\t\t\t\t\t\t\t\t<section class=\"elementor-section elementor-top-section elementor-element elementor-element-7ef8bf8 elementor-section-full_width qodef-elementor-content-grid elementor-section-height-default elementor-section-height-default\" data-id=\"7ef8bf8\" data-element_type=\"section\">\n\t\t\t\t\t\t<div class=\"elementor-container elementor-column-gap-default\">\n\t\t\t\t\t<div class=\"elementor-column elementor-col-50 elementor-top-column elementor-element elementor-element-e4c0baa\" data-id=\"e4c0baa\" data-element_type=\"column\">\n\t\t\t<div class=\"elementor-widget-wrap elementor-element-populated\">\n\t\t\t\t\t\t\t\t<div class=\"elementor-element elementor-element-8bdf3cb elementor-widget elementor-widget-text-editor\" data-id=\"8bdf3cb\" data-element_type=\"widget\" data-widget_type=\"text-editor.default\">\n\t\t\t\t<div class=\"elementor-widget-container\">\n\t\t\t<style>\/*! elementor - v3.6.6 - 08-06-2022 *\/\n.elementor-widget-text-editor.elementor-drop-cap-view-stacked .elementor-drop-cap{background-color:#818a91;color:#fff}.elementor-widget-text-editor.elementor-drop-cap-view-framed .elementor-drop-cap{color:#818a91;border:3px solid;background-color:transparent}.elementor-widget-text-editor:not(.elementor-drop-cap-view-default) .elementor-drop-cap{margin-top:8px}.elementor-widget-text-editor:not(.elementor-drop-cap-view-default) .elementor-drop-cap-letter{width:1em;height:1em}.elementor-widget-text-editor .elementor-drop-cap{float:left;text-align:center;line-height:1;font-size:50px}.elementor-widget-text-editor .elementor-drop-cap-letter{display:inline-block}<\/style>\t\t\t\t<h4>Camping Europa<\/h4>\t\t\t\t\t\t<\/div>\n\t\t\t\t<\/div>\n\t\t\t\t<div class=\"elementor-element elementor-element-3aa4645 elementor-widget elementor-widget-text-editor\" data-id=\"3aa4645\" data-element_type=\"widget\" data-widget_type=\"text-editor.default\">\n\t\t\t\t<div class=\"elementor-widget-container\">\n\t\t\t\t\t\t\t\u00dcbernachten Sie mit allem Komfort in Holzchalets, Mobilheimen, Appartements und Stellpl\u00e4tzen. Bar, Restaurant, Gesch\u00e4fte, Unterhaltung, Pendelbus, Schwimmbad, Toiletten, Strand.\t\t\t\t\t\t<\/div>\n\t\t\t\t<\/div>\n\t\t\t\t<div class=\"elementor-element elementor-element-a213faa elementor-widget elementor-widget-text-editor\" data-id=\"a213faa\" data-element_type=\"widget\" data-widget_type=\"text-editor.default\">\n\t\t\t\t<div class=\"elementor-widget-container\">\n\t\t\t\t\t\t\t<p><strong>Telefon<\/strong>: +39 0584 350707&nbsp;<br><strong>die Anschrift<\/strong>: <a href=\"https:\/\/www.google.com\/maps\/place\/Camping+Europa\/@43.8310168,10.2679673,17z\/data=!3m1!4b1!4m8!3m7!1s0x12d598857206b4cf:0x622660357f99b170!5m2!4m1!1i2!8m2!3d43.831013!4d10.270156\" target=\"_blank\" rel=\"noopener\">Viale dei Tigli, 51 \u2013 Torre del lago Puccini \u2013 55049 Lucca (LU)<\/a><br><strong>Koordinaten<\/strong>: 43.831013,10.270156<br><strong>Email<\/strong>: <a href=\"mailto:mail@europacamp.it\">mail@europacamp.it<\/a><\/p>\t\t\t\t\t\t<\/div>\n\t\t\t\t<\/div>\n\t\t\t\t<section class=\"elementor-section elementor-inner-section elementor-element elementor-element-ff808ef elementor-section-boxed elementor-section-height-default elementor-section-height-default qodef-elementor-content-no\" data-id=\"ff808ef\" data-element_type=\"section\">\n\t\t\t\t\t\t<div class=\"elementor-container elementor-column-gap-default\">\n\t\t\t\t\t<div class=\"elementor-column elementor-col-50 elementor-inner-column elementor-element elementor-element-c9786fc contact-social-text\" data-id=\"c9786fc\" data-element_type=\"column\">\n\t\t\t<div class=\"elementor-widget-wrap elementor-element-populated\">\n\t\t\t\t\t\t\t\t<div class=\"elementor-element elementor-element-71faea8 elementor-widget elementor-widget-text-editor\" data-id=\"71faea8\" data-element_type=\"widget\" data-widget_type=\"text-editor.default\">\n\t\t\t\t<div class=\"elementor-widget-container\">\n\t\t\t\t\t\t\t<span style=\"font-family: Prompt; font-size: 18px; color: #000;\">Social\/follow:<\/span>\t\t\t\t\t\t<\/div>\n\t\t\t\t<\/div>\n\t\t\t\t\t<\/div>\n\t\t<\/div>\n\t\t\t\t<div class=\"elementor-column elementor-col-50 elementor-inner-column elementor-element elementor-element-bfbf7a7\" data-id=\"bfbf7a7\" data-element_type=\"column\">\n\t\t\t<div class=\"elementor-widget-wrap elementor-element-populated\">\n\t\t\t\t\t\t\t\t<div class=\"elementor-element elementor-element-f160717 elementor-widget__width-initial elementor-widget elementor-widget-kamperen_core_icon\" data-id=\"f160717\" data-element_type=\"widget\" data-widget_type=\"kamperen_core_icon.default\">\n\t\t\t\t<div class=\"elementor-widget-container\">\n\t\t\t<span class=\"qodef-shortcode qodef-m  qodef-icon-holder qodef-size--default qodef-layout--normal\"  style=\"margin: 0 0 0 5%\">\n\t\t\t<a itemprop=\"url\" href=\"https:\/\/www.facebook.com\/europacamp\" target=\"_blank\">\n\t\t\t<span class=\"qodef-icon-font-awesome fab fa-facebook-f qodef-icon qodef-e\" style=\"font-size: 20px\" ><\/span>\t\t\t<\/a>\n\t<\/span>\n\t\t<\/div>\n\t\t\t\t<\/div>\n\t\t\t\t<div class=\"elementor-element elementor-element-4cfc4a0 elementor-widget__width-initial elementor-widget elementor-widget-kamperen_core_icon\" data-id=\"4cfc4a0\" data-element_type=\"widget\" data-widget_type=\"kamperen_core_icon.default\">\n\t\t\t\t<div class=\"elementor-widget-container\">\n\t\t\t<span class=\"qodef-shortcode qodef-m  qodef-icon-holder qodef-size--default qodef-layout--normal\"  >\n\t\t\t<a itemprop=\"url\" href=\"https:\/\/www.instagram.com\/campingeuropa\/\" target=\"_blank\">\n\t\t\t<span class=\"qodef-icon-font-awesome fab fa-instagram qodef-icon qodef-e\" style=\"font-size: 20px\" ><\/span>\t\t\t<\/a>\n\t<\/span>\n\t\t<\/div>\n\t\t\t\t<\/div>\n\t\t\t\t\t<\/div>\n\t\t<\/div>\n\t\t\t\t\t\t\t<\/div>\n\t\t<\/section>\n\t\t\t\t\t<\/div>\n\t\t<\/div>\n\t\t\t\t<div class=\"elementor-column elementor-col-50 elementor-top-column elementor-element elementor-element-39b8df4\" data-id=\"39b8df4\" data-element_type=\"column\">\n\t\t\t<div class=\"elementor-widget-wrap elementor-element-populated\">\n\t\t\t\t\t\t\t\t<div class=\"elementor-element elementor-element-cba72a9 elementor-widget elementor-widget-text-editor\" data-id=\"cba72a9\" data-element_type=\"widget\" data-widget_type=\"text-editor.default\">\n\t\t\t\t<div class=\"elementor-widget-container\">\n\t\t\t\t\t\t\t<h4>Ben\u00f6tigen Sie Informationen?<\/h4>\t\t\t\t\t\t<\/div>\n\t\t\t\t<\/div>\n\t\t\t\t<div class=\"elementor-element elementor-element-d92eb55 elementor-widget elementor-widget-text-editor\" data-id=\"d92eb55\" data-element_type=\"widget\" data-widget_type=\"text-editor.default\">\n\t\t\t\t<div class=\"elementor-widget-container\">\n\t\t\t\t\t\t\t<p>Um eine Reservierung anzufordern oder einfach nur weitere Informationen zu erhalten, ausf\u00fcllen Sie bitte das Formular. Alle Felder sind Pflichtfelder.<\/p><p><br \/>Die folgende Informationsanfrage stellt KEINE Reservierung dar, es sei denn, sie wird ausdr\u00fccklich best\u00e4tigt.<\/p>\t\t\t\t\t\t<\/div>\n\t\t\t\t<\/div>\n\t\t\t\t<div class=\"elementor-element elementor-element-73e1158 elementor-widget elementor-widget-wp-widget-kamperen_core_contact_form_7\" data-id=\"73e1158\" data-element_type=\"widget\" data-widget_type=\"wp-widget-kamperen_core_contact_form_7.default\">\n\t\t\t\t<div class=\"elementor-widget-container\">\n\t\t\t\t\t\t<div class=\"qodef-contact-form-7\">\n\t\t\t\t\n<div class=\"wpcf7 no-js\" id=\"wpcf7-f10331-o1\" lang=\"de-DE\" dir=\"ltr\">\n<div class=\"screen-reader-response\"><p role=\"status\" aria-live=\"polite\" aria-atomic=\"true\"><\/p> <ul><\/ul><\/div>\n<form action=\"\/de\/wp-json\/wp\/v2\/pages\/10180#wpcf7-f10331-o1\" method=\"post\" class=\"wpcf7-form init wpcf7-acceptance-as-validation\" aria-label=\"Kontaktformular\" novalidate=\"novalidate\" data-status=\"init\">\n<div style=\"display: none;\">\n<input type=\"hidden\" name=\"_wpcf7\" value=\"10331\" \/>\n<input type=\"hidden\" name=\"_wpcf7_version\" value=\"5.7.5.1\" \/>\n<input type=\"hidden\" name=\"_wpcf7_locale\" value=\"de_DE\" \/>\n<input type=\"hidden\" name=\"_wpcf7_unit_tag\" value=\"wpcf7-f10331-o1\" \/>\n<input type=\"hidden\" name=\"_wpcf7_container_post\" value=\"0\" \/>\n<input type=\"hidden\" name=\"_wpcf7_posted_data_hash\" value=\"\" \/>\n<input type=\"hidden\" name=\"_wpcf7_recaptcha_response\" value=\"\" \/>\n<\/div>\n<div class=\"qodef-contact-form-style qodef-contact-form-style-2\">\n    <div class=\"qodef-contact-form-grid-style\">\n         <span class=\"wpcf7-form-control-wrap\" data-name=\"your-name\"><input size=\"40\" class=\"wpcf7-form-control wpcf7-text wpcf7-validates-as-required\" aria-required=\"true\" aria-invalid=\"false\" placeholder=\"Ihr Name*\" value=\"\" type=\"text\" name=\"your-name\" \/><\/span>\n         <span class=\"wpcf7-form-control-wrap\" data-name=\"your-email\"><input size=\"40\" class=\"wpcf7-form-control wpcf7-text wpcf7-email wpcf7-validates-as-required wpcf7-validates-as-email\" aria-required=\"true\" aria-invalid=\"false\" placeholder=\"Ihre E-Mailadresse*\" value=\"\" type=\"email\" name=\"your-email\" \/><\/span>\n    <\/div>\n    <span class=\"wpcf7-form-control-wrap\" data-name=\"message\"><textarea cols=\"10\" rows=\"6\" class=\"wpcf7-form-control wpcf7-textarea wpcf7-validates-as-required\" aria-required=\"true\" aria-invalid=\"false\" placeholder=\"Ihre Anmerkungen *\" name=\"message\"><\/textarea><\/span>\n    <span class=\"wpcf7-form-control-wrap\" data-name=\"privacy\"><span class=\"wpcf7-form-control wpcf7-acceptance\"><span class=\"wpcf7-list-item\"><label><input type=\"checkbox\" name=\"privacy\" value=\"1\" aria-invalid=\"false\" \/><span class=\"wpcf7-list-item-label\">Ich berechtige <a href=\"#\">information zum Datenschutz<\/a><\/span><\/label><\/span><\/span><\/span>\n    <button class=\"wpcf7-form-control wpcf7-submit qodef-shortcode qodef-m  qodef-button qodef-layout--textual  qodef-html--link\" type=\"submit\"><span class=\"qodef-m-text\">Anfrage senden<\/span><span class=\"qodef-m-icon\"><svg xmlns=\"http:\/\/www.w3.org\/2000\/svg\" width=\"20.053\" height=\"10.039\" viewBox=\"0 0 20.053 10.039\"><path d=\"M17.474,11.444a.683.683,0,0,0-.005.962l3.179,3.184H3.549a.68.68,0,0,0,0,1.359H20.643l-3.179,3.184a.688.688,0,0,0,.005.962.677.677,0,0,0,.957-.005l4.308-4.34h0a.763.763,0,0,0,.141-.214.649.649,0,0,0,.052-.261.681.681,0,0,0-.193-.476l-4.308-4.34A.666.666,0,0,0,17.474,11.444Z\" transform=\"translate(-2.875 -11.252)\"><\/path><\/svg><\/span><\/button>\n<\/div><div class=\"wpcf7-response-output\" aria-hidden=\"true\"><\/div>\n<\/form>\n<\/div>\n\t\t\t<\/div>\n\t\t\t\t\t<\/div>\n\t\t\t\t<\/div>\n\t\t\t\t\t<\/div>\n\t\t<\/div>\n\t\t\t\t\t\t\t<\/div>\n\t\t<\/section>\n\t\t\t\t<section class=\"elementor-section elementor-top-section elementor-element elementor-element-f057284 elementor-section-full_width elementor-section-height-default elementor-section-height-default qodef-elementor-content-no\" data-id=\"f057284\" data-element_type=\"section\">\n\t\t\t\t\t\t<div class=\"elementor-container elementor-column-gap-no\">\n\t\t\t\t\t<div class=\"elementor-column elementor-col-100 elementor-top-column elementor-element elementor-element-798698c\" data-id=\"798698c\" data-element_type=\"column\">\n\t\t\t<div class=\"elementor-widget-wrap elementor-element-populated\">\n\t\t\t\t\t\t\t\t<div class=\"elementor-element elementor-element-75be01f elementor-widget elementor-widget-google_maps\" data-id=\"75be01f\" data-element_type=\"widget\" data-widget_type=\"google_maps.default\">\n\t\t\t\t<div class=\"elementor-widget-container\">\n\t\t\t<style>\/*! elementor - v3.6.6 - 08-06-2022 *\/\n.elementor-widget-google_maps .elementor-widget-container{overflow:hidden}.elementor-widget-google_maps iframe{height:300px}<\/style>\t\t<div class=\"elementor-custom-embed\">\n\t\t\t<iframe frameborder=\"0\" scrolling=\"no\" marginheight=\"0\" marginwidth=\"0\"\n\t\t\t\t\tsrc=\"https:\/\/maps.google.com\/maps?q=Camping%20Europa%2C%20Viale%20dei%20Tigli%2C%20Torre%20del%20Lago%20Puccini%2C%20LU&#038;t=m&#038;z=9&#038;output=embed&#038;iwloc=near\"\n\t\t\t\t\ttitle=\"Camping Europa, Viale dei Tigli, Torre del Lago Puccini, LU\"\n\t\t\t\t\taria-label=\"Camping Europa, Viale dei Tigli, Torre del Lago Puccini, LU\"\n\t\t\t><\/iframe>\n\t\t<\/div>\n\t\t\t\t<\/div>\n\t\t\t\t<\/div>\n\t\t\t\t\t<\/div>\n\t\t<\/div>\n\t\t\t\t\t\t\t<\/div>\n\t\t<\/section>\n\t\t\t\t\t\t\t<\/div>\n\t\t","protected":false},"excerpt":{"rendered":"<p>Camping Europa \u00dcbernachten Sie mit allem Komfort in Holzchalets, Mobilheimen, Appartements und Stellpl\u00e4tzen. Bar, Restaurant, Gesch\u00e4fte, Unterhaltung, Pendelbus, Schwimmbad, Toiletten, Strand. Telefon: +39 0584 350707&nbsp;die Anschrift: Viale dei Tigli, 51 \u2013 Torre del lago Puccini \u2013 55049 Lucca (LU)Koordinaten: 43.831013,10.270156Email: mail@europacamp.it Social\/follow: Ben\u00f6tigen Sie Informationen? Um eine Reservierung anzufordern oder einfach nur weitere Informationen zu [&hellip;]<\/p>\n","protected":false},"author":1,"featured_media":0,"parent":0,"menu_order":0,"comment_status":"closed","ping_status":"closed","template":"page-full-width.php","meta":{"footnotes":""},"class_list":["post-10180","page","type-page","status-publish","hentry"],"yoast_head":"<!-- This site is optimized with the Yoast SEO plugin v26.8 - https:\/\/yoast.com\/product\/yoast-seo-wordpress\/ -->\n<title>Kontaktdaten &#8211; Camping Europa<\/title>\n<meta name=\"description\" content=\"Camping Europa\u00dcbernachten Sie mit allem Komfort in Holzchalets, Mobilheimen, Appartements und Stellpl\u00e4tzen. Bar, Restaurant, Gesch\u00e4fte, Unterhaltung,\" \/>\n<meta name=\"robots\" content=\"index, follow, max-snippet:-1, max-image-preview:large, max-video-preview:-1\" \/>\n<link rel=\"canonical\" href=\"https:\/\/www.europacamp.it\/fr\/contacts\/\" \/>\n<meta property=\"og:locale\" content=\"de_DE\" \/>\n<meta property=\"og:type\" content=\"article\" \/>\n<meta property=\"og:title\" content=\"Kontaktdaten &#8211; Camping Europa\" \/>\n<meta property=\"og:description\" content=\"Camping Europa\u00dcbernachten Sie mit allem Komfort in Holzchalets, Mobilheimen, Appartements und Stellpl\u00e4tzen. Bar, Restaurant, Gesch\u00e4fte, Unterhaltung,\" \/>\n<meta property=\"og:url\" content=\"https:\/\/www.europacamp.it\/fr\/contacts\/\" \/>\n<meta property=\"og:site_name\" content=\"Camping Europa\" \/>\n<meta property=\"article:publisher\" content=\"https:\/\/www.facebook.com\/europacamp\/\" \/>\n<meta property=\"article:modified_time\" content=\"2022-03-23T10:59:32+00:00\" \/>\n<meta property=\"og:image\" content=\"https:\/\/www.europacamp.it\/wp-content\/uploads\/2022\/03\/fb-og.jpg\" \/>\n\t<meta property=\"og:image:width\" content=\"1200\" \/>\n\t<meta property=\"og:image:height\" content=\"630\" \/>\n\t<meta property=\"og:image:type\" content=\"image\/jpeg\" \/>\n<meta name=\"twitter:card\" content=\"summary_large_image\" \/>\n<meta name=\"twitter:label1\" content=\"Gesch\u00e4tzte Lesezeit\" \/>\n\t<meta name=\"twitter:data1\" content=\"1\u00a0Minute\" \/>\n<script type=\"application\/ld+json\" class=\"yoast-schema-graph\">{\"@context\":\"https:\/\/schema.org\",\"@graph\":[{\"@type\":\"WebPage\",\"@id\":\"https:\/\/www.europacamp.it\/fr\/contacts\/\",\"url\":\"https:\/\/www.europacamp.it\/fr\/contacts\/\",\"name\":\"Kontaktdaten &#8211; Camping Europa\",\"isPartOf\":{\"@id\":\"https:\/\/www.europacamp.it\/#website\"},\"datePublished\":\"2021-06-09T09:16:48+00:00\",\"dateModified\":\"2022-03-23T10:59:32+00:00\",\"description\":\"Camping Europa\u00dcbernachten Sie mit allem Komfort in Holzchalets, Mobilheimen, Appartements und Stellpl\u00e4tzen. Bar, Restaurant, Gesch\u00e4fte, Unterhaltung,\",\"breadcrumb\":{\"@id\":\"https:\/\/www.europacamp.it\/fr\/contacts\/#breadcrumb\"},\"inLanguage\":\"de\",\"potentialAction\":[{\"@type\":\"ReadAction\",\"target\":[\"https:\/\/www.europacamp.it\/fr\/contacts\/\"]}]},{\"@type\":\"BreadcrumbList\",\"@id\":\"https:\/\/www.europacamp.it\/fr\/contacts\/#breadcrumb\",\"itemListElement\":[{\"@type\":\"ListItem\",\"position\":1,\"name\":\"Home\",\"item\":\"https:\/\/www.europacamp.it\/fr\/\"},{\"@type\":\"ListItem\",\"position\":2,\"name\":\"Kontaktdaten\"}]},{\"@type\":\"WebSite\",\"@id\":\"https:\/\/www.europacamp.it\/#website\",\"url\":\"https:\/\/www.europacamp.it\/\",\"name\":\"Camping Europa\",\"description\":\"Campingplatz am Meer in der Toskana, Italien\",\"publisher\":{\"@id\":\"https:\/\/www.europacamp.it\/#organization\"},\"potentialAction\":[{\"@type\":\"SearchAction\",\"target\":{\"@type\":\"EntryPoint\",\"urlTemplate\":\"https:\/\/www.europacamp.it\/?s={search_term_string}\"},\"query-input\":{\"@type\":\"PropertyValueSpecification\",\"valueRequired\":true,\"valueName\":\"search_term_string\"}}],\"inLanguage\":\"de\"},{\"@type\":\"Organization\",\"@id\":\"https:\/\/www.europacamp.it\/#organization\",\"name\":\"Camping Europa\",\"url\":\"https:\/\/www.europacamp.it\/\",\"logo\":{\"@type\":\"ImageObject\",\"inLanguage\":\"de\",\"@id\":\"https:\/\/www.europacamp.it\/#\/schema\/logo\/image\/\",\"url\":\"https:\/\/www.europacamp.it\/wp-content\/uploads\/2021\/11\/logo_camping.png\",\"contentUrl\":\"https:\/\/www.europacamp.it\/wp-content\/uploads\/2021\/11\/logo_camping.png\",\"width\":345,\"height\":80,\"caption\":\"Camping Europa\"},\"image\":{\"@id\":\"https:\/\/www.europacamp.it\/#\/schema\/logo\/image\/\"},\"sameAs\":[\"https:\/\/www.facebook.com\/europacamp\/\"]}]}<\/script>\n<!-- \/ Yoast SEO plugin. -->","yoast_head_json":{"title":"Kontaktdaten &#8211; Camping Europa","description":"Camping Europa\u00dcbernachten Sie mit allem Komfort in Holzchalets, Mobilheimen, Appartements und Stellpl\u00e4tzen. Bar, Restaurant, Gesch\u00e4fte, Unterhaltung,","robots":{"index":"index","follow":"follow","max-snippet":"max-snippet:-1","max-image-preview":"max-image-preview:large","max-video-preview":"max-video-preview:-1"},"canonical":"https:\/\/www.europacamp.it\/fr\/contacts\/","og_locale":"de_DE","og_type":"article","og_title":"Kontaktdaten &#8211; Camping Europa","og_description":"Camping Europa\u00dcbernachten Sie mit allem Komfort in Holzchalets, Mobilheimen, Appartements und Stellpl\u00e4tzen. Bar, Restaurant, Gesch\u00e4fte, Unterhaltung,","og_url":"https:\/\/www.europacamp.it\/fr\/contacts\/","og_site_name":"Camping Europa","article_publisher":"https:\/\/www.facebook.com\/europacamp\/","article_modified_time":"2022-03-23T10:59:32+00:00","og_image":[{"width":1200,"height":630,"url":"https:\/\/www.europacamp.it\/wp-content\/uploads\/2022\/03\/fb-og.jpg","type":"image\/jpeg"}],"twitter_card":"summary_large_image","twitter_misc":{"Gesch\u00e4tzte Lesezeit":"1\u00a0Minute"},"schema":{"@context":"https:\/\/schema.org","@graph":[{"@type":"WebPage","@id":"https:\/\/www.europacamp.it\/fr\/contacts\/","url":"https:\/\/www.europacamp.it\/fr\/contacts\/","name":"Kontaktdaten &#8211; Camping Europa","isPartOf":{"@id":"https:\/\/www.europacamp.it\/#website"},"datePublished":"2021-06-09T09:16:48+00:00","dateModified":"2022-03-23T10:59:32+00:00","description":"Camping Europa\u00dcbernachten Sie mit allem Komfort in Holzchalets, Mobilheimen, Appartements und Stellpl\u00e4tzen. Bar, Restaurant, Gesch\u00e4fte, Unterhaltung,","breadcrumb":{"@id":"https:\/\/www.europacamp.it\/fr\/contacts\/#breadcrumb"},"inLanguage":"de","potentialAction":[{"@type":"ReadAction","target":["https:\/\/www.europacamp.it\/fr\/contacts\/"]}]},{"@type":"BreadcrumbList","@id":"https:\/\/www.europacamp.it\/fr\/contacts\/#breadcrumb","itemListElement":[{"@type":"ListItem","position":1,"name":"Home","item":"https:\/\/www.europacamp.it\/fr\/"},{"@type":"ListItem","position":2,"name":"Kontaktdaten"}]},{"@type":"WebSite","@id":"https:\/\/www.europacamp.it\/#website","url":"https:\/\/www.europacamp.it\/","name":"Camping Europa","description":"Campingplatz am Meer in der Toskana, Italien","publisher":{"@id":"https:\/\/www.europacamp.it\/#organization"},"potentialAction":[{"@type":"SearchAction","target":{"@type":"EntryPoint","urlTemplate":"https:\/\/www.europacamp.it\/?s={search_term_string}"},"query-input":{"@type":"PropertyValueSpecification","valueRequired":true,"valueName":"search_term_string"}}],"inLanguage":"de"},{"@type":"Organization","@id":"https:\/\/www.europacamp.it\/#organization","name":"Camping Europa","url":"https:\/\/www.europacamp.it\/","logo":{"@type":"ImageObject","inLanguage":"de","@id":"https:\/\/www.europacamp.it\/#\/schema\/logo\/image\/","url":"https:\/\/www.europacamp.it\/wp-content\/uploads\/2021\/11\/logo_camping.png","contentUrl":"https:\/\/www.europacamp.it\/wp-content\/uploads\/2021\/11\/logo_camping.png","width":345,"height":80,"caption":"Camping Europa"},"image":{"@id":"https:\/\/www.europacamp.it\/#\/schema\/logo\/image\/"},"sameAs":["https:\/\/www.facebook.com\/europacamp\/"]}]}},"_links":{"self":[{"href":"https:\/\/www.europacamp.it\/de\/wp-json\/wp\/v2\/pages\/10180","targetHints":{"allow":["GET"]}}],"collection":[{"href":"https:\/\/www.europacamp.it\/de\/wp-json\/wp\/v2\/pages"}],"about":[{"href":"https:\/\/www.europacamp.it\/de\/wp-json\/wp\/v2\/types\/page"}],"author":[{"embeddable":true,"href":"https:\/\/www.europacamp.it\/de\/wp-json\/wp\/v2\/users\/1"}],"replies":[{"embeddable":true,"href":"https:\/\/www.europacamp.it\/de\/wp-json\/wp\/v2\/comments?post=10180"}],"version-history":[{"count":16,"href":"https:\/\/www.europacamp.it\/de\/wp-json\/wp\/v2\/pages\/10180\/revisions"}],"predecessor-version":[{"id":11182,"href":"https:\/\/www.europacamp.it\/de\/wp-json\/wp\/v2\/pages\/10180\/revisions\/11182"}],"wp:attachment":[{"href":"https:\/\/www.europacamp.it\/de\/wp-json\/wp\/v2\/media?parent=10180"}],"curies":[{"name":"wp","href":"https:\/\/api.w.org\/{rel}","templated":true}]}}